{"id":1329,"date":"2024-04-18T17:26:45","date_gmt":"2024-04-18T16:26:45","guid":{"rendered":"https:\/\/ipmedia.net.pl\/pl\/?page_id=1329"},"modified":"2024-06-13T16:35:05","modified_gmt":"2024-06-13T15:35:05","slug":"scheb","status":"publish","type":"page","link":"https:\/\/ipmedia.net.pl\/pl\/scheb\/","title":{"rendered":"SPORZ\u0104DZANIE \u015aWIADECTW CHARAKTERYSTYKI BUDYNKU:"},"content":{"rendered":"<p>Witajcie w naszej firmie specjalizuj\u0105cej si\u0119 w sporz\u0105dzaniu \u015bwiadectw charakterystyki budynk\u00f3w! Jeste\u015bmy zespo\u0142em do\u015bwiadczonych ekspert\u00f3w, kt\u00f3rzy pomog\u0105 Wam w kompleksowej ocenie i dokumentacji Waszych nieruchomo\u015bci.<\/p>\n<p>Dlaczego warto skorzysta\u0107 z naszych us\u0142ug ? Nasza firma zapewnia precyzyjne i rzetelne sporz\u0105dzanie \u015bwiadectw charakterystyki budynk\u00f3w zgodnie z obowi\u0105zuj\u0105cymi normami i przepisami. Dbamy o ka\u017cdy szczeg\u00f3\u0142 i dok\u0142adamy wszelkich stara\u0144, aby nasi klienci otrzymali kompleksow\u0105 i profesjonaln\u0105 dokumentacj\u0119.<\/p>\n<p>Zaufajcie naszemu do\u015bwiadczeniu i zapewnijcie sobie spok\u00f3j, wiedz\u0105c \u017ce Wasze \u015bwiadectwa charakterystyki budynk\u00f3w s\u0105 w r\u0119kach prawdziwych profesjonalist\u00f3w. Skontaktujcie si\u0119 z nami ju\u017c dzi\u015b, a nasi eksperci ch\u0119tnie odpowiedz\u0105 na wszystkie Wasze pytania i zaproponuj\u0105 najlepsze rozwi\u0105zania dopasowane do Waszych potrzeb.<\/p>\n<div class=\"page\" title=\"Page 1\">\n<div class=\"layoutArea\">\n<div class=\"column\">\n<p>Jeste\u015bmy wpisani do wykazu oso\u0301b uprawnionych do sporza\u0328dzania s\u0301wiadectw charakterystyki energetycznej prowadzonej przez Ministerstwo Rozwoju i technologii pod numerem <a href=\"https:\/\/ipmedia.net.pl\/wp-content\/uploads\/2024\/04\/Wpis-do-rejestru.pdf\" target=\"_blank\" rel=\"noopener\">34393<\/a><\/p>\n<\/div>\n<\/div>\n<\/div>\n\n\n<div class=\"wp-block-media-text has-media-on-the-right is-stacked-on-mobile\" style=\"grid-template-columns:auto 25%\"><div class=\"wp-block-media-text__content\">\n<p><a href=\"https:\/\/ipmedia.net.pl\/pl\/formularz-mieszkanie\/\"> - \u015aWIADECTWO CHARAKTERYSTYKI BUDYNKU - FORMULARZ \u2013 MIESZKANIE<\/a> <br><br><a href=\"https:\/\/ipmedia.net.pl\/pl\/formularz-dom\/\"> - \u015aWIADECTWO CHARAKTERYSTYKI BUDYNKU - FORMULARZ \u2013 DOM<\/a> <br><br><a href=\"https:\/\/ipmedia.net.pl\/pl\/formularz-lokal\/\"> - \u015aWIADECTWO CHARAKTERYSTYKI BUDYNKU - FORMULARZ \u2013 LOKAL<\/a><\/p>\n\n\n\n<p>Masz pytania ? Dzwo\u0144 32 66 66 666 Telefon ca\u0142odobowy.<\/p>\n<\/div><figure class=\"wp-block-media-text__media\"><img loading=\"lazy\" decoding=\"async\" width=\"1024\" height=\"898\" src=\"https:\/\/ipmedia.net.pl\/wp-content\/uploads\/2024\/04\/grafika_ipmedia_bez_spadow_rgb-2-1024x898.jpg\" alt=\"\" class=\"wp-image-1333 size-full\" srcset=\"https:\/\/ipmedia.net.pl\/wp-content\/uploads\/2024\/04\/grafika_ipmedia_bez_spadow_rgb-2-1024x898.jpg 1024w, https:\/\/ipmedia.net.pl\/wp-content\/uploads\/2024\/04\/grafika_ipmedia_bez_spadow_rgb-2-300x263.jpg 300w, https:\/\/ipmedia.net.pl\/wp-content\/uploads\/2024\/04\/grafika_ipmedia_bez_spadow_rgb-2-768x673.jpg 768w, https:\/\/ipmedia.net.pl\/wp-content\/uploads\/2024\/04\/grafika_ipmedia_bez_spadow_rgb-2-370x324.jpg 370w, https:\/\/ipmedia.net.pl\/wp-content\/uploads\/2024\/04\/grafika_ipmedia_bez_spadow_rgb-2.jpg 1347w\" sizes=\"(max-width: 1024px) 100vw, 1024px\" \/><\/figure><\/div>\n","protected":false},"excerpt":{"rendered":"Witajcie w naszej firmie specjalizuj\u0105cej si\u0119 w sporz\u0105dzaniu \u015bwiadectw charakterystyki budynk\u00f3w! Jeste\u015bmy zespo\u0142em do\u015bwiadczonych ekspert\u00f3w, kt\u00f3rzy pomog\u0105 Wam w kompleksowej ocenie i dokumentacji Waszych nieruchomo\u015bci. Dlaczego warto skorzysta\u0107 z naszych us\u0142ug ? Nasza firma zapewnia precyzyjne i rzetelne sporz\u0105dzanie \u015bwiadectw charakterystyki budynk\u00f3w zgodnie z obowi\u0105zuj\u0105cymi normami i przepisami. Dbamy o ka\u017cdy szczeg\u00f3\u0142 i dok\u0142adamy wszelkich","protected":false},"author":1,"featured_media":0,"parent":0,"menu_order":0,"comment_status":"closed","ping_status":"closed","template":"","meta":{"footnotes":""},"class_list":["post-1329","page","type-page","status-publish","hentry"],"_links":{"self":[{"href":"https:\/\/ipmedia.net.pl\/pl\/wp-json\/wp\/v2\/pages\/1329"}],"collection":[{"href":"https:\/\/ipmedia.net.pl\/pl\/wp-json\/wp\/v2\/pages"}],"about":[{"href":"https:\/\/ipmedia.net.pl\/pl\/wp-json\/wp\/v2\/types\/page"}],"author":[{"embeddable":true,"href":"https:\/\/ipmedia.net.pl\/pl\/wp-json\/wp\/v2\/users\/1"}],"replies":[{"embeddable":true,"href":"https:\/\/ipmedia.net.pl\/pl\/wp-json\/wp\/v2\/comments?post=1329"}],"version-history":[{"count":9,"href":"https:\/\/ipmedia.net.pl\/pl\/wp-json\/wp\/v2\/pages\/1329\/revisions"}],"predecessor-version":[{"id":1353,"href":"https:\/\/ipmedia.net.pl\/pl\/wp-json\/wp\/v2\/pages\/1329\/revisions\/1353"}],"wp:attachment":[{"href":"https:\/\/ipmedia.net.pl\/pl\/wp-json\/wp\/v2\/media?parent=1329"}],"curies":[{"name":"wp","href":"https:\/\/api.w.org\/{rel}","templated":true}]}}