{"id":809,"date":"2015-05-25T13:08:50","date_gmt":"2015-05-25T12:08:50","guid":{"rendered":"http:\/\/ipmedia.net.pl:88\/ipmedia\/?page_id=41"},"modified":"2024-03-13T15:14:15","modified_gmt":"2024-03-13T14:14:15","slug":"about","status":"publish","type":"page","link":"https:\/\/ipmedia.net.pl\/pl\/about\/","title":{"rendered":"O ipMedia"},"content":{"rendered":"<div class=\"row parallax_3 \" ><section class=\"parallax-box image-parallax-box \" style=\"min-height: 300px\"><div class=\"parallax-content\"><div class=\"container\"><div class=\"row row-edge\">\n<div class=\"col-xs-12 col-sm-12 col-md-12 col-lg-12\">\n<h2 style=\"text-align: center;\">kilka s\u0142\u00f3w o nas<\/h2>\n<\/div>\n<div class=\"col-xs-12 col-sm-12 col-md-12 col-lg-12\">\n<div class=\"cherry-spacer  \" style=\"height:28px;\"><\/div>\n<\/div>\n<div class=\"col-xs-12 col-sm-12 col-md-4 col-lg-4\">\n<p><img loading=\"lazy\" decoding=\"async\" class=\"alignnone size-full wp-image-415\" src=\"http:\/\/ipmedia.net.pl\/wp-content\/uploads\/2016\/08\/pic_1.jpg\" alt=\"pic_1\" width=\"370\" height=\"324\"><\/p>\n<\/div>\n<div class=\"col-xs-12 col-sm-12 col-md-8 col-lg-8\">\n<div class=\"row  \" ><div class=\"container\"><div class=\"row row-edge\"><\/div><\/div><\/div>\n<div class=\"col-xs-12 col-sm-12 col-md-6 col-lg-12\">\n<h3>Telekomunikacja jutra u nas ju\u017c dzi\u015b!<\/h3>\n<\/div>\n<div class=\"col-xs-12 col-sm-12 col-md-6 col-lg-12\"><\/div>\n<p>Strategi\u0105 sp\u00f3\u0142ki ipMedia jest rozw\u00f3j us\u0142ug szerokopasmowych \u015bwiadczonych w najnowszych technologiach i na najwy\u017cszym poziomie. Jeste\u015bmy pasjonatami nowoczesnej telekomunikacji, a ka\u017cde zlecenie to dla nas wyzwanie. Intensywnie rozbudowujemy nasz\u0105 sie\u0107 \u015bwiat\u0142owodow\u0105 w Siemianowicach \u015al\u0105skich, Chorzowie i Katowicach.<\/p>\n<p>Dzia\u0142amy na rynku ICT od 1997 roku. Do\u015bwiadczenia i wyzwania rynku u\u015bwiadomi\u0142y nam, \u017ce jedynie technologia \u015bwiat\u0142owodowa jest w stanie zaspokoi\u0107 ci\u0105gle rosn\u0105ce potrzeby naszych klient\u00f3w. Podczas gdy inni dyskutuj\u0105 nad sieciami nowej generacji NGN (next generation network) my je budujemy. Obecnie wszystkie nasz sieci s\u0105 budowane (a starsze modernizowane) w rozbudowanym przez nas standardzie FTTH \/Fiber To The Home\/. Dzi\u0119ki temu na dzi\u015b mo\u017cemy zapewni\u0107 niezale\u017cn\u0105 transmisj\u0119 1GB, a w razie potrzeby 10GB. To pozwala na du\u017c\u0105 skalowalno\u015b\u0107 i elastyczno\u015b\u0107 rozwi\u0105za\u0144.<\/p>\n<p>Nasze standardy doprowadzi\u0142y do wdro\u017cenia telewizji IPTV, gdzie dostarczenie gwarantowanego pasma 1Gb dla u\u017cytkownika ko\u0144cowego nie stanowi problemu. Jednak nie ograniczamy si\u0119 do tej technologii, tam gdzie nie mo\u017cemy dzi\u015b jeszcze doj\u015b\u0107 \u015bwiat\u0142owodem \u015bwiadczymy us\u0142ugi w innych standardach - fastethernetowych, rozwi\u0105zaniach xDSL oraz WiFi 802.11x .<\/p>\n<p>Nasze motto to r\u00f3wnie\u017c \u201eDzia\u0142aj w grupie \u2013 dziel si\u0119 i czerp wiedz\u0119 i do\u015bwiadczenie\u201d. Dlatego jeste\u015bmy udzia\u0142owcami i za\u0142o\u017cycielami \u015al\u0105skiej Grupy Telekomunikacyjnej oraz Klastra Telekomunikacyjnego E-Po\u0142udnie. Dzia\u0142amy r\u00f3wnie\u017c w Krajowej Izbie Komunikacji Elektronicznej.<\/p>\n<p>Wszystkie us\u0142ugi realizowane w us\u0142ugach ipMedia wykorzystuj\u0105 multimedialn\u0105 \u015bwiat\u0142owodow\u0105 sie\u0107 transmisji danych. Za jej po\u015brednictwem realizowane s\u0105 us\u0142ugi dost\u0119pu do Internetu, transmisja g\u0142osu w protokole VoIP, oraz transmisja telewizji HD.<\/p>\n<p>A oto kilka cech kt\u00f3re nas wyr\u00f3\u017cniaj\u0105: \u0083<\/p>\n<ul>\n<li>Szybki niezawodny szkielet \u015bwiat\u0142owodowy, w kt\u00f3rym transmisja odbywa si\u0119 z pr\u0119dko\u015bciami nxGigabit<\/li>\n<li>Technologia GPON \u2013 ca\u0142a transmisja od w\u0119z\u0142a do klienta wykorzystuje jako medium \u015bwiat\u0142ow\u00f3d \u2013 dzi\u0119ki temu nie mamy problem\u00f3w z zasilaniem, czy wy\u0142adowaniami atmosferycznymi. \u0083<\/li>\n<li>Niezale\u017cne mi\u0119dzynarodowe i krajowe styki operatorskie \u0083<\/li>\n<li>Pe\u0142na zarz\u0105dzalno\u015b\u0107 sieci, by spe\u0142ni\u0107 wymagania naszych klient\u00f3w i realizowa\u0107 wszystkie us\u0142ugi w warstwie drugiej i trzeciej. Dzi\u0119ki temu mo\u017cemy zaoferowa\u0107 szeroki wachlarz us\u0142ug i spe\u0142nia\u0107 najwy\u017csze wymagania bezpiecze\u0144stwa i niezawodno\u015bci. \u0083<\/li>\n<li>Ca\u0142odobowy monitoring sieci i jej parametr\u00f3w, by dost\u0119pno\u015b\u0107 us\u0142ug by\u0142a na najwy\u017cszym poziomie \u0083<\/li>\n<li>Pomoc techniczna dost\u0119pna przez ca\u0142y tydzie\u0144 w\u0142\u0105czaj\u0105c soboty niedziele i \u015bwi\u0119ta.<\/li>\n<li>Szeroki wachlarz dost\u0119pnych przy\u0142\u0105cze\u0144: ETTH\/ethernet 100Mb\/FTTH\/\u015bwiat\u0142ow\u00f3d 100Mb\/ WiFi\/Pod\u0142\u0105czenia radiowe\/<\/li>\n<\/ul>\n<p><span style=\"color: #ffffff;\">ZAUFALI NAM:<\/span><\/p>\n<ul>\n<li style=\"text-align: left;\"><span style=\"color: #ffffff;\"><a style=\"color: #ffffff;\" href=\"http:\/\/um.siemianowice.pl\"><br \/>\nUrz\u0105d Miasta Siemianowice \u015al\u0105skie<\/a><\/span><\/li>\n<li style=\"text-align: left;\"><span style=\"color: #ffffff;\"><a style=\"color: #ffffff;\" href=\"http:\/\/ssm.siemianowice.pl\">Siemianowicka Sp\u00f3\u0142dzielnia Mieszkaniowa<\/a><\/span><\/li>\n<li style=\"text-align: left;\"><span style=\"color: #ffffff;\"><a style=\"color: #ffffff;\" href=\"http:\/\/www.zozsiemianowice.pl\">Szpital Miejski nr 2<\/a><\/span><\/li>\n<li style=\"text-align: left;\"><span style=\"color: #ffffff;\"><a style=\"color: #ffffff;\" href=\"http:\/\/www.sm.siemianowice.pl\">Stra\u017c Miejska w Siemianowicach \u015al\u0105skich<\/a><\/span><\/li>\n<li style=\"text-align: left;\"><span style=\"color: #ffffff;\"><a style=\"color: #ffffff;\" href=\"http:\/\/www.siemianowice.spolem.org.pl\">Siemianowicka Sp\u00f3\u0142dzielnia Spo\u017cywc\u00f3w<\/a><\/span><\/li>\n<\/ul>\n<\/div>\n<\/div><\/div><div class=\"clear\"><\/div><\/div><div class=\"parallax-bg\" data-parallax-type=\"image\" data-img-url=\"http:\/\/ipmedia.net.pl\/wp-content\/uploads\/2016\/08\/parallax_pic1.jpg\" data-speed=\"4.5\" data-invert=\"1\" ><\/div><\/section><\/div>\n<div class=\"row row-edge  \" >\n<div class=\"col-md-12\">\n<p>&nbsp;<\/p>\n<\/div>\n<\/div>\n","protected":false},"excerpt":{"rendered":"","protected":false},"author":3,"featured_media":0,"parent":0,"menu_order":1,"comment_status":"open","ping_status":"closed","template":"","meta":{"footnotes":""},"class_list":["post-809","page","type-page","status-publish","hentry"],"_links":{"self":[{"href":"https:\/\/ipmedia.net.pl\/pl\/wp-json\/wp\/v2\/pages\/809"}],"collection":[{"href":"https:\/\/ipmedia.net.pl\/pl\/wp-json\/wp\/v2\/pages"}],"about":[{"href":"https:\/\/ipmedia.net.pl\/pl\/wp-json\/wp\/v2\/types\/page"}],"author":[{"embeddable":true,"href":"https:\/\/ipmedia.net.pl\/pl\/wp-json\/wp\/v2\/users\/3"}],"replies":[{"embeddable":true,"href":"https:\/\/ipmedia.net.pl\/pl\/wp-json\/wp\/v2\/comments?post=809"}],"version-history":[{"count":18,"href":"https:\/\/ipmedia.net.pl\/pl\/wp-json\/wp\/v2\/pages\/809\/revisions"}],"predecessor-version":[{"id":1256,"href":"https:\/\/ipmedia.net.pl\/pl\/wp-json\/wp\/v2\/pages\/809\/revisions\/1256"}],"wp:attachment":[{"href":"https:\/\/ipmedia.net.pl\/pl\/wp-json\/wp\/v2\/media?parent=809"}],"curies":[{"name":"wp","href":"https:\/\/api.w.org\/{rel}","templated":true}]}}