{"id":810,"date":"2001-01-01T10:10:10","date_gmt":"2001-01-01T09:10:10","guid":{"rendered":"http:\/\/ipmedia.net.pl:88\/ipmedia\/?page_id=43"},"modified":"2024-04-18T17:23:18","modified_gmt":"2024-04-18T16:23:18","slug":"oferta","status":"publish","type":"page","link":"https:\/\/ipmedia.net.pl\/pl\/oferta\/","title":{"rendered":"Nasza oferta"},"content":{"rendered":"\n<p><\/p>\n\n\n\n<p><\/p>\n\n\n\n<div class=\"wp-block-media-text has-media-on-the-right is-stacked-on-mobile\" style=\"grid-template-columns:auto 20%\"><div class=\"wp-block-media-text__content\">\n<p><\/p>\n\n\n\n<p><strong>TELEKOMUNIKACJA:<\/strong><\/p>\n\n\n\n<p><a href=\"https:\/\/ipmedia.net.pl\/portfolio-archive\/ipfiber\/\">- IPFIBER \u2013 CZYLI NASZA SIE\u0106 DO TWOJEJ DYSPOZYCJI<\/a><br><br><a href=\"https:\/\/ipmedia.net.pl\/portfolio-archive\/ipnet\/\">- IPNET \u2013 CZYLI SZEROKOPASMOWY INTERNET DLA BIZNESU<\/a><br><br><a href=\"https:\/\/ipmedia.net.pl\/portfolio-archive\/ipmon\/\">- IPMON \u2013 CZYLI SYSTEMY MONITORING WIZYJNY JAKO US\u0141UGA<\/a><br><br><a href=\"https:\/\/ipmedia.net.pl\/portfolio-archive\/ipcloud\/\">- IPCLOUD \u2013 CZYLI SKAZANI NA CHMUR\u0118<\/a><br><br><a href=\"https:\/\/ipmedia.net.pl\/pl\/portfolio-archive\/ipbms-inteligentne-budynki\/\">- IPBMS \u2013 CZYLI SYSTEMY INTELIGENTNYCH BUDYNK\u00d3W<\/a><br><br><br><\/p>\n<\/div><figure class=\"wp-block-media-text__media\"><img loading=\"lazy\" decoding=\"async\" width=\"786\" height=\"442\" src=\"https:\/\/ipmedia.net.pl\/wp-content\/uploads\/2015\/10\/fibernetwork.jpg\" alt=\"\" class=\"wp-image-985 size-full\" srcset=\"https:\/\/ipmedia.net.pl\/wp-content\/uploads\/2015\/10\/fibernetwork.jpg 1024w, https:\/\/ipmedia.net.pl\/wp-content\/uploads\/2015\/10\/fibernetwork-300x169.jpg 300w, https:\/\/ipmedia.net.pl\/wp-content\/uploads\/2015\/10\/fibernetwork-768x432.jpg 768w, https:\/\/ipmedia.net.pl\/wp-content\/uploads\/2015\/10\/fibernetwork.jpg 786w\" sizes=\"(max-width: 786px) 100vw, 786px\" \/><\/figure><\/div>\n\n\n\n<div class=\"wp-block-media-text has-media-on-the-right is-stacked-on-mobile\" style=\"grid-template-columns:auto 21%\"><div class=\"wp-block-media-text__content\">\n<p><strong>SPORZ\u0104DZANIE \u015aWIADECTW CHARAKTERYSTYKI BUDYNKU:<\/strong><br><br><a href=\"https:\/\/ipmedia.net.pl\/pl\/formularz-mieszkanie\/\"> - \u015aWIADECTWO CHARAKTERYSTYKI BUDYNKU - FORMULARZ \u2013 MIESZKANIE<\/a> <br><br><a href=\"https:\/\/ipmedia.net.pl\/pl\/formularz-dom\/\"> - \u015aWIADECTWO CHARAKTERYSTYKI BUDYNKU - FORMULARZ \u2013 DOM<\/a> <br><br><a href=\"https:\/\/ipmedia.net.pl\/pl\/formularz-lokal\/\"> - \u015aWIADECTWO CHARAKTERYSTYKI BUDYNKU - FORMULARZ \u2013 LOKAL<\/a><\/p>\n<\/div><figure class=\"wp-block-media-text__media\"><img loading=\"lazy\" decoding=\"async\" width=\"1024\" height=\"898\" src=\"https:\/\/ipmedia.net.pl\/wp-content\/uploads\/2024\/04\/grafika_ipmedia_bez_spadow_rgb-1-1024x898.jpg\" alt=\"\" class=\"wp-image-1319 size-full\" srcset=\"https:\/\/ipmedia.net.pl\/wp-content\/uploads\/2024\/04\/grafika_ipmedia_bez_spadow_rgb-1-1024x898.jpg 1024w, https:\/\/ipmedia.net.pl\/wp-content\/uploads\/2024\/04\/grafika_ipmedia_bez_spadow_rgb-1-300x263.jpg 300w, https:\/\/ipmedia.net.pl\/wp-content\/uploads\/2024\/04\/grafika_ipmedia_bez_spadow_rgb-1-768x673.jpg 768w, https:\/\/ipmedia.net.pl\/wp-content\/uploads\/2024\/04\/grafika_ipmedia_bez_spadow_rgb-1-370x324.jpg 370w, https:\/\/ipmedia.net.pl\/wp-content\/uploads\/2024\/04\/grafika_ipmedia_bez_spadow_rgb-1.jpg 1347w\" sizes=\"(max-width: 1024px) 100vw, 1024px\" \/><\/figure><\/div>\n","protected":false},"excerpt":{"rendered":"TELEKOMUNIKACJA: - IPFIBER \u2013 CZYLI NASZA SIE\u0106 DO TWOJEJ DYSPOZYCJI - IPNET \u2013 CZYLI SZEROKOPASMOWY INTERNET DLA BIZNESU - IPMON \u2013 CZYLI SYSTEMY MONITORING WIZYJNY JAKO US\u0141UGA - IPCLOUD \u2013 CZYLI SKAZANI NA CHMUR\u0118 - IPBMS \u2013 CZYLI SYSTEMY INTELIGENTNYCH BUDYNK\u00d3W SPORZ\u0104DZANIE \u015aWIADECTW CHARAKTERYSTYKI BUDYNKU: - \u015aWIADECTWO CHARAKTERYSTYKI BUDYNKU - FORMULARZ \u2013 MIESZKANIE - \u015aWIADECTWO","protected":false},"author":1,"featured_media":0,"parent":0,"menu_order":0,"comment_status":"open","ping_status":"open","template":"","meta":{"footnotes":""},"class_list":["post-810","page","type-page","status-publish","hentry"],"_links":{"self":[{"href":"https:\/\/ipmedia.net.pl\/pl\/wp-json\/wp\/v2\/pages\/810"}],"collection":[{"href":"https:\/\/ipmedia.net.pl\/pl\/wp-json\/wp\/v2\/pages"}],"about":[{"href":"https:\/\/ipmedia.net.pl\/pl\/wp-json\/wp\/v2\/types\/page"}],"author":[{"embeddable":true,"href":"https:\/\/ipmedia.net.pl\/pl\/wp-json\/wp\/v2\/users\/1"}],"replies":[{"embeddable":true,"href":"https:\/\/ipmedia.net.pl\/pl\/wp-json\/wp\/v2\/comments?post=810"}],"version-history":[{"count":26,"href":"https:\/\/ipmedia.net.pl\/pl\/wp-json\/wp\/v2\/pages\/810\/revisions"}],"predecessor-version":[{"id":1328,"href":"https:\/\/ipmedia.net.pl\/pl\/wp-json\/wp\/v2\/pages\/810\/revisions\/1328"}],"wp:attachment":[{"href":"https:\/\/ipmedia.net.pl\/pl\/wp-json\/wp\/v2\/media?parent=810"}],"curies":[{"name":"wp","href":"https:\/\/api.w.org\/{rel}","templated":true}]}}