{"id":811,"date":"2015-05-25T13:10:45","date_gmt":"2015-05-25T12:10:45","guid":{"rendered":"http:\/\/ipmedia.net.pl:88\/ipmedia\/?page_id=47"},"modified":"2022-02-11T09:52:48","modified_gmt":"2022-02-11T08:52:48","slug":"kontakt","status":"publish","type":"page","link":"https:\/\/ipmedia.net.pl\/pl\/kontakt\/","title":{"rendered":"Kontakt"},"content":{"rendered":"<p><!DOCTYPE html PUBLIC \"-\/\/W3C\/\/DTD HTML 4.0 Transitional\/\/EN\" \"http:\/\/www.w3.org\/TR\/REC-html40\/loose.dtd\"><br \/>\n<html><body><\/p>\n<div class=\"row  \" ><div class=\"container\"><div class=\"row row-edge\">\n<div class=\"col-xs-12 col-sm-12 col-md-12 col-lg-12\">\n<\/div>\n<div class=\"col-xs-12 col-sm-12 col-md-12 col-lg-12\">\n<div class=\"cherry-spacer  \" style=\"height:5px;\"><\/div>\n<\/div>\n<\/div><\/div><\/div>\n<div class=\"row  \" ><div class=\"container\"><div class=\"row row-edge\">\n<div class=\"col-xs-12 col-sm-12 col-md-12 col-lg-12\">\n<div class=\"cherry-spacer  \" style=\"height:5px;\"><\/div>\n<\/div>\n<\/div><\/div><\/div>\n<div class=\"row  \" ><div class=\"container\"><div class=\"row row-edge\">\n<div class=\"col-xs-12 col-sm-12 col-md-4 col-lg-4\">\n<div class=\"row row-edge  \" >\n<div class=\"col-xs-12 col-sm-12 col-md-12 col-lg-12\">\n<\/p>\n<h2 style=\"text-align: center;\">Dane firmy:<\/h2>\n<\/div>\n<div class=\"col-xs-12 col-sm-12 col-md-12 col-lg-12\">\n<div class=\"cherry-spacer  \" style=\"height:30px;\"><\/div>\n<\/div>\n<div class=\"col-xs-12 col-sm-12 col-md-12 col-lg-12\">\n<\/div>\n<div class=\"col-xs-12 col-sm-12 col-md-12 col-lg-12\">\n<p><strong>ipMedia sp. z o.o.<br \/>\nul. Wr\u00f3blewskiego 67<br \/>\n41-106 Siemianowice \u015al\u0105skie<\/strong><\/p>\n<p>NIP 6342809742, REGON 242926603<\/p>\n<p>KRS 0000418141,S\u0105d Rejonowy Katowice-Wsch\u00f3d w Katowicach wydzia\u0142 VIII gospodarczy Krajowego Rejestru S\u0105dowego<\/p>\n<\/div>\n<div class=\"col-xs-12 col-sm-12 col-md-12 col-lg-12\">\n<p><strong>Biuro Ob\u0142ugi Klienta<\/strong><br \/>\ntelefon +48 32 6666 000<br \/>\ne-mail bok@ipmedia.net.pl<\/p>\n<p><strong>Dzia\u0142 handlowy<\/strong><br \/>\ntelefon +48 32 6666 003<br \/>\ne-mail dh@ipmedia.net.pl<\/p>\n<p><strong>Pomoc techniczna<\/strong><br \/>\ntelefon +48 32 6666 001<br \/>\nmobile +48 509 842 200<br \/>\ne-mail pomoc@ipmedia.net.pl<\/p>\n<\/div>\n<\/div>\n<\/div>\n<div class=\"col-xs-12 col-sm-12 col-md-8 col-lg-8\">\n<div class=\"row row-edge  \" >\n<div class=\"col-xs-12 col-sm-12 col-md-12 col-lg-12\">\n<h2 style=\"text-align: center;\"><\/h2>\n<\/div>\n<div class=\"col-xs-12 col-sm-12 col-md-12 col-lg-12\">\n<div class=\"cherry-spacer  \" style=\"height:30px;\"><\/div>\n<\/div>\n<div class=\"col-xs-12 col-sm-12 col-md-12 col-lg-12\">\n<\/div>\n<div class=\"col-xs-12 col-sm-12 col-md-12 col-lg-12\">\n<div class=\"cherry-spacer  \" style=\"height:20px;\"><\/div>\n<\/div>\n<\/div>\n<\/div>\n<div class=\"col-xs-12 col-sm-12 col-md-12 col-lg-12\">\n<div class=\"cherry-spacer  \" style=\"height:5px;\"><\/div>\n<\/div>\n<\/div><\/div><\/div>\n<div class=\"row row-edge  \" >\n<div class=\"col-md-1\"> <div class=\"row  \" ><div class=\"container\"><div class=\"row row-edge\"><\/div><\/div><\/div> <\/div> <\/div><\/body><\/html><\/p>\n","protected":false},"excerpt":{"rendered":"","protected":false},"author":3,"featured_media":0,"parent":0,"menu_order":4,"comment_status":"open","ping_status":"closed","template":"","meta":{"footnotes":""},"class_list":["post-811","page","type-page","status-publish","hentry"],"_links":{"self":[{"href":"https:\/\/ipmedia.net.pl\/pl\/wp-json\/wp\/v2\/pages\/811"}],"collection":[{"href":"https:\/\/ipmedia.net.pl\/pl\/wp-json\/wp\/v2\/pages"}],"about":[{"href":"https:\/\/ipmedia.net.pl\/pl\/wp-json\/wp\/v2\/types\/page"}],"author":[{"embeddable":true,"href":"https:\/\/ipmedia.net.pl\/pl\/wp-json\/wp\/v2\/users\/3"}],"replies":[{"embeddable":true,"href":"https:\/\/ipmedia.net.pl\/pl\/wp-json\/wp\/v2\/comments?post=811"}],"version-history":[{"count":45,"href":"https:\/\/ipmedia.net.pl\/pl\/wp-json\/wp\/v2\/pages\/811\/revisions"}],"predecessor-version":[{"id":1156,"href":"https:\/\/ipmedia.net.pl\/pl\/wp-json\/wp\/v2\/pages\/811\/revisions\/1156"}],"wp:attachment":[{"href":"https:\/\/ipmedia.net.pl\/pl\/wp-json\/wp\/v2\/media?parent=811"}],"curies":[{"name":"wp","href":"https:\/\/api.w.org\/{rel}","templated":true}]}}